{"id":1540,"date":"2025-06-23T17:54:48","date_gmt":"2025-06-23T17:54:48","guid":{"rendered":"https:\/\/gcsoluciones.com.ar\/?page_id=1540"},"modified":"2025-12-13T00:51:02","modified_gmt":"2025-12-13T00:51:02","slug":"contactanos","status":"publish","type":"page","link":"https:\/\/gcsoluciones.com.ar\/?page_id=1540","title":{"rendered":"Cont\u00e1ctanos"},"content":{"rendered":"\n<div class=\"wp-block-stackable-columns stk-block-columns stk-block stk-f90c006\" data-block-id=\"f90c006\"><div class=\"stk-row stk-inner-blocks stk-block-content stk-content-align stk-f90c006-column\">\n<div class=\"wp-block-stackable-column stk-block-column stk-column stk-block stk-284b253\" data-v=\"4\" data-block-id=\"284b253\"><style>@media screen and (min-width:690px){.stk-284b253 {flex:var(--stk-flex-grow, 1) 1 25% !important;}}<\/style><div class=\"stk-column-wrapper stk-block-column__content stk-container stk-284b253-container stk--no-background stk--no-padding\"><div class=\"stk-block-content stk-inner-blocks stk-284b253-inner-blocks\"><\/div><\/div><\/div>\n\n\n\n<div class=\"wp-block-stackable-column stk-block-column stk-column stk-block stk-16d8917\" data-v=\"4\" data-block-id=\"16d8917\"><style>@media screen and (min-width:690px){.stk-16d8917 {flex:var(--stk-flex-grow, 1) 1 50% !important;}}<\/style><div class=\"stk-column-wrapper stk-block-column__content stk-container stk-16d8917-container stk--no-background stk--no-padding\"><div class=\"stk-block-content stk-inner-blocks stk-16d8917-inner-blocks\"><h2 class=\"wp-block-post-title\">Cont\u00e1ctanos<\/h2>\n\n\n<p>Complet\u00e1 el formulario y uno de nuestros asesores se pondr\u00e1 en contacto con vos a la brevedad.<\/p>\n\n\n\n<div class=\"wp-block-uagb-forms uagb-forms__outer-wrap uagb-block-eff0fb03 uagb-forms__medium-btn\"><form class=\"uagb-forms-main-form\" method=\"post\" autocomplete=\"on\" name=\"uagb-form-eff0fb03\">\n<div class=\"wp-block-uagb-forms-name uagb-forms-name-wrap uagb-forms-field-set uagb-block-cca8cdb0\"><div class=\"uagb-forms-name-label required uagb-forms-input-label\" id=\"cca8cdb0\">Nombre<\/div><input type=\"text\" placeholder=\"Nicolas baez\" required class=\"uagb-forms-name-input uagb-forms-input\" name=\"cca8cdb0\" autocomplete=\"name\"\/><\/div>\n\n\n\n<div class=\"wp-block-uagb-forms-email uagb-forms-email-wrap uagb-forms-field-set uagb-block-fea877d4\"><div class=\"uagb-forms-email-label required uagb-forms-input-label\" id=\"fea877d4\">Correo electr\u00f3nico <\/div><input type=\"email\" class=\"uagb-forms-email-input uagb-forms-input\" placeholder=\"nicolasbaez@gmail.com\" required name=\"fea877d4\" autocomplete=\"email\"\/><\/div>\n<div class=\"uagb-forms-form-hidden-data\"><input type=\"hidden\" class=\"uagb_forms_form_label\" value=\"Spectra Form\"\/><input type=\"hidden\" class=\"uagb_forms_form_id\" value=\"uagb-form-eff0fb03\"\/><\/div><div class=\"uagb-form-reacaptcha-error-eff0fb03\"><\/div><div class=\"uagb-forms-main-submit-button-wrap wp-block-button\"><button class=\"uagb-forms-main-submit-button wp-block-button__link\"><div class=\"uagb-forms-main-submit-button-text\">Contactarme<\/div><\/button><\/div><\/form><div class=\"uagb-forms-success-message-eff0fb03 uagb-forms-submit-message-hide\"><span>Gracias por tu mensaje. Nos pondremos en contacto con vos en breve.<\/span><\/div><div class=\"uagb-forms-failed-message-eff0fb03 uagb-forms-submit-message-hide\"><span>Ocurri\u00f3 un error al enviar el formulario. Revis\u00e1 los campos e intent\u00e1 de nuevo.<\/span><\/div><\/div>\n<\/div><\/div><\/div>\n\n\n\n<div class=\"wp-block-stackable-column stk-block-column stk-column stk-block stk-d48f8bd\" data-v=\"4\" data-block-id=\"d48f8bd\"><style>@media screen and (min-width:690px){.stk-d48f8bd {flex:var(--stk-flex-grow, 1) 1 25% !important;}}<\/style><div class=\"stk-column-wrapper stk-block-column__content stk-container stk-d48f8bd-container stk--no-background stk--no-padding\"><div class=\"stk-block-content stk-inner-blocks stk-d48f8bd-inner-blocks\"><\/div><\/div><\/div>\n<\/div><\/div>\n\n\n\n<div style=\"height:100px\" aria-hidden=\"true\" class=\"wp-block-spacer\"><\/div>\n","protected":false},"excerpt":{"rendered":"<p>Complet\u00e1 el formulario y uno de nuestros asesores se pondr\u00e1 en contacto con vos a la brevedad.<\/p>\n","protected":false},"author":1,"featured_media":0,"parent":0,"menu_order":0,"comment_status":"closed","ping_status":"closed","template":"","meta":{"_eb_attr":"","_uag_custom_page_level_css":"","_joinchat":[],"footnotes":""},"class_list":["post-1540","page","type-page","status-publish","hentry"],"blocksy_meta":[],"uagb_featured_image_src":{"full":false,"thumbnail":false,"medium":false,"medium_large":false,"large":false,"1536x1536":false,"2048x2048":false},"uagb_author_info":{"display_name":"jessica","author_link":"https:\/\/gcsoluciones.com.ar\/?author=1"},"uagb_comment_info":0,"uagb_excerpt":"Complet\u00e1 el formulario y uno de nuestros asesores se pondr\u00e1 en contacto con vos a la brevedad.","_links":{"self":[{"href":"https:\/\/gcsoluciones.com.ar\/index.php?rest_route=\/wp\/v2\/pages\/1540","targetHints":{"allow":["GET"]}}],"collection":[{"href":"https:\/\/gcsoluciones.com.ar\/index.php?rest_route=\/wp\/v2\/pages"}],"about":[{"href":"https:\/\/gcsoluciones.com.ar\/index.php?rest_route=\/wp\/v2\/types\/page"}],"author":[{"embeddable":true,"href":"https:\/\/gcsoluciones.com.ar\/index.php?rest_route=\/wp\/v2\/users\/1"}],"replies":[{"embeddable":true,"href":"https:\/\/gcsoluciones.com.ar\/index.php?rest_route=%2Fwp%2Fv2%2Fcomments&post=1540"}],"version-history":[{"count":6,"href":"https:\/\/gcsoluciones.com.ar\/index.php?rest_route=\/wp\/v2\/pages\/1540\/revisions"}],"predecessor-version":[{"id":2107,"href":"https:\/\/gcsoluciones.com.ar\/index.php?rest_route=\/wp\/v2\/pages\/1540\/revisions\/2107"}],"wp:attachment":[{"href":"https:\/\/gcsoluciones.com.ar\/index.php?rest_route=%2Fwp%2Fv2%2Fmedia&parent=1540"}],"curies":[{"name":"wp","href":"https:\/\/api.w.org\/{rel}","templated":true}]}}