{"id":1534,"date":"2025-06-23T15:48:34","date_gmt":"2025-06-23T15:48:34","guid":{"rendered":"https:\/\/gcsoluciones.com.ar\/?page_id=1534"},"modified":"2025-11-24T15:42:24","modified_gmt":"2025-11-24T15:42:24","slug":"quienes-somos","status":"publish","type":"page","link":"https:\/\/gcsoluciones.com.ar\/?page_id=1534","title":{"rendered":"Quienes Somos"},"content":{"rendered":"\n<p class=\"has-medium-font-size\"><\/p>\n\n\n\n<div class=\"wp-block-stackable-columns stk-block-columns stk-block stk-b29dc6a\" data-block-id=\"b29dc6a\"><div class=\"stk-row stk-inner-blocks stk-block-content stk-content-align stk-b29dc6a-column\">\n<div class=\"wp-block-stackable-column stk-block-column stk-column stk-block stk-35c0079\" data-v=\"4\" data-block-id=\"35c0079\"><div class=\"stk-column-wrapper stk-block-column__content stk-container stk-35c0079-container stk--no-background stk--no-padding\"><div class=\"stk-block-content stk-inner-blocks stk-35c0079-inner-blocks\">\n<div class=\"wp-block-uagb-image uagb-block-a97b7ec6 wp-block-uagb-image--layout-default wp-block-uagb-image--effect-static wp-block-uagb-image--align-none\"><figure class=\"wp-block-uagb-image__figure\"><img loading=\"lazy\" decoding=\"async\" srcset=\"https:\/\/gcsoluciones.com.ar\/wp-content\/uploads\/2025\/07\/WhatsApp-Image-2025-07-08-at-19.41.58-1-768x1024.jpeg ,https:\/\/gcsoluciones.com.ar\/wp-content\/uploads\/2025\/07\/WhatsApp-Image-2025-07-08-at-19.41.58-1.jpeg 780w, https:\/\/gcsoluciones.com.ar\/wp-content\/uploads\/2025\/07\/WhatsApp-Image-2025-07-08-at-19.41.58-1.jpeg 360w\" sizes=\"auto, (max-width: 480px) 150px\" src=\"https:\/\/gcsoluciones.com.ar\/wp-content\/uploads\/2025\/07\/WhatsApp-Image-2025-07-08-at-19.41.58-1-768x1024.jpeg\" alt=\"\" class=\"uag-image-1886\" width=\"864\" height=\"1152\" title=\"WhatsApp Image 2025-07-08 at 19.41.58 (1)\" loading=\"lazy\" role=\"img\"\/><\/figure><\/div>\n<\/div><\/div><\/div>\n\n\n\n<div class=\"wp-block-stackable-column stk-block-column stk-column stk-block stk-7947bd2\" data-v=\"4\" data-block-id=\"7947bd2\"><div class=\"stk-column-wrapper stk-block-column__content stk-container stk-7947bd2-container stk--no-background stk--no-padding\"><div class=\"stk-block-content stk-inner-blocks stk-7947bd2-inner-blocks\">\n<div class=\"wp-block-stackable-heading stk-block-heading stk-block-heading--v2 stk-block stk-e05bdb2\" id=\"nuestra-historia\" data-block-id=\"e05bdb2\"><h2 class=\"stk-block-heading__text\">Nuestra historia <\/h2><\/div>\n\n\n\n<p class=\"has-medium-font-size\">Contamos con m\u00e1s de 20 a\u00f1os de experiencia en el sector el\u00e9ctrico. A lo largo de este tiempo, se ha destacado por brindar soluciones efectivas a empresas en sus necesidades el\u00e9ctricas, aportando innovaci\u00f3n y calidad. Con el tiempo, la compa\u00f1\u00eda ha evolucionado y diversificado sus operaciones, fragment\u00e1ndose en diferentes \u00e1reas de negocio para atender una variedad de sectores, siempre manteniendo su compromiso con la excelencia y el desarrollo continuo.<\/p>\n\n\n\n<div class=\"wp-block-stackable-heading stk-block-heading stk-block-heading--v2 stk-block stk-217934a\" id=\"nuestras-unidades-de-negocio\" data-block-id=\"217934a\"><h4 class=\"stk-block-heading__text\">Nuestras Unidades de negocio<\/h4><\/div>\n\n\n\n<p><a href=\"http:\/\/www.grupocala.com.ar\">www.grupocala.com.ar<\/a><br><a href=\"http:\/\/www.gcsanitarios.com.ar\">www.gcsanitarios.com.ar<\/a><br><a href=\"http:\/\/www.gcelectricidad.com.ar\">www.gcelectricidad.com.ar<\/a><br><\/p>\n\n\n\n<p><\/p>\n\n\n\n<p><\/p>\n<\/div><\/div><\/div>\n<\/div><\/div>\n","protected":false},"excerpt":{"rendered":"<p>Nuestra historia Contamos con m\u00e1s de 20 a\u00f1os de experiencia en el sector el\u00e9ctrico. A lo largo de este tiempo, se ha destacado por brindar soluciones efectivas a empresas en sus necesidades el\u00e9ctricas, aportando innovaci\u00f3n y calidad. Con el tiempo, la compa\u00f1\u00eda ha evolucionado y diversificado sus operaciones, fragment\u00e1ndose en diferentes \u00e1reas de negocio para [&hellip;]<\/p>\n","protected":false},"author":1,"featured_media":0,"parent":0,"menu_order":0,"comment_status":"closed","ping_status":"closed","template":"","meta":{"_eb_attr":"","_uag_custom_page_level_css":"","_joinchat":[],"footnotes":""},"class_list":["post-1534","page","type-page","status-publish","hentry"],"blocksy_meta":[],"uagb_featured_image_src":{"full":false,"thumbnail":false,"medium":false,"medium_large":false,"large":false,"1536x1536":false,"2048x2048":false},"uagb_author_info":{"display_name":"jessica","author_link":"https:\/\/gcsoluciones.com.ar\/?author=1"},"uagb_comment_info":0,"uagb_excerpt":"Nuestra historia Contamos con m\u00e1s de 20 a\u00f1os de experiencia en el sector el\u00e9ctrico. A lo largo de este tiempo, se ha destacado por brindar soluciones efectivas a empresas en sus necesidades el\u00e9ctricas, aportando innovaci\u00f3n y calidad. Con el tiempo, la compa\u00f1\u00eda ha evolucionado y diversificado sus operaciones, fragment\u00e1ndose en diferentes \u00e1reas de negocio para&hellip;","_links":{"self":[{"href":"https:\/\/gcsoluciones.com.ar\/index.php?rest_route=\/wp\/v2\/pages\/1534","targetHints":{"allow":["GET"]}}],"collection":[{"href":"https:\/\/gcsoluciones.com.ar\/index.php?rest_route=\/wp\/v2\/pages"}],"about":[{"href":"https:\/\/gcsoluciones.com.ar\/index.php?rest_route=\/wp\/v2\/types\/page"}],"author":[{"embeddable":true,"href":"https:\/\/gcsoluciones.com.ar\/index.php?rest_route=\/wp\/v2\/users\/1"}],"replies":[{"embeddable":true,"href":"https:\/\/gcsoluciones.com.ar\/index.php?rest_route=%2Fwp%2Fv2%2Fcomments&post=1534"}],"version-history":[{"count":8,"href":"https:\/\/gcsoluciones.com.ar\/index.php?rest_route=\/wp\/v2\/pages\/1534\/revisions"}],"predecessor-version":[{"id":2047,"href":"https:\/\/gcsoluciones.com.ar\/index.php?rest_route=\/wp\/v2\/pages\/1534\/revisions\/2047"}],"wp:attachment":[{"href":"https:\/\/gcsoluciones.com.ar\/index.php?rest_route=%2Fwp%2Fv2%2Fmedia&parent=1534"}],"curies":[{"name":"wp","href":"https:\/\/api.w.org\/{rel}","templated":true}]}}